{"id":65948,"date":"2017-11-21T09:02:18","date_gmt":"2017-11-21T09:02:18","guid":{"rendered":"https:\/\/www.croatia-property.net\/?page_id=65948"},"modified":"2021-06-25T06:46:45","modified_gmt":"2021-06-25T06:46:45","slug":"kontakt","status":"publish","type":"page","link":"https:\/\/www.croatia-property.net\/de\/kontakt\/","title":{"rendered":"Kontakt"},"content":{"rendered":"\t\t<div data-elementor-type=\"wp-page\" data-elementor-id=\"65948\" class=\"elementor elementor-65948 elementor-131\">\n\t\t\t\t\t\t<section class=\"elementor-section elementor-top-section elementor-element elementor-element-209504f1 elementor-section-boxed elementor-section-height-default elementor-section-height-default\" data-id=\"209504f1\" data-element_type=\"section\" data-e-type=\"section\">\n\t\t\t\t\t\t<div class=\"elementor-container elementor-column-gap-default\">\n\t\t\t\t\t<div class=\"elementor-column elementor-col-100 elementor-top-column elementor-element elementor-element-29101245\" data-id=\"29101245\" data-element_type=\"column\" data-e-type=\"column\">\n\t\t\t<div class=\"elementor-widget-wrap elementor-element-populated\">\n\t\t\t\t\t\t<div class=\"elementor-element elementor-element-7a8e98a6 elementor-widget elementor-widget-text-editor\" data-id=\"7a8e98a6\" data-element_type=\"widget\" data-e-type=\"widget\" data-widget_type=\"text-editor.default\">\n\t\t\t\t<div class=\"elementor-widget-container\">\n\t\t\t\t\t\t\t\t\t<h2><img fetchpriority=\"high\" decoding=\"async\" src=\"https:\/\/www.croatia-property.net\/wp-content\/uploads\/2017\/11\/cp-logo-tr.png\" alt=\"\" width=\"490\" height=\"104\"><\/h2>\n<h2 style=\"text-align: center;\"><span style=\"font-family: Arial, sans-serif;\"><span style=\"font-size: medium;\">Croatia Property Immobilienagentur<\/span><\/span><\/h2>\n<p style=\"text-align: center;\"><span style=\"font-family: Arial, sans-serif;\"><span style=\"font-size: medium;\">Biha\u0107ka 2A\/II<br>\n21000 Split, Kroatien<\/span><\/span><\/p>\n<p style=\"text-align: center;\"><span style=\"font-family: Arial, sans-serif;\"><span style=\"font-size: medium;\"><strong>Telefon<\/strong>: +385 21 317 447<\/span><\/span><\/p>\n<p>&nbsp;<\/p>\n<p><img decoding=\"async\" src=\"https:\/\/www.croatia-property.net\/wp-content\/uploads\/2017\/11\/Izrezak2-tile-1024x382.jpg\" alt=\"\" width=\"828\" height=\"309\"><\/p>\n<p>&nbsp;<\/p>\n<h2><span style=\"font-family: Arial, sans-serif;\"><span style=\"font-size: medium;\">F<span lang=\"de-DE\">\u00fcr irgendwelche Fragen stehen wir Ihnen gerne zur Verf\u00fcgung<\/span><\/span><\/span><\/h2>\n<p><font face=\"Arial, sans-serif\" size=\"3\"><div class='fluentform ff-default fluentform_wrapper_3 ffs_default_wrap'><form data-form_id=\"3\" id=\"fluentform_3\" class=\"frm-fluent-form fluent_form_3 ff-el-form-top ff_form_instance_3_1 ff-form-loading ffs_default\" data-form_instance=\"ff_form_instance_3_1\" method=\"POST\" ><fieldset  style=\"border: none!important;margin: 0!important;padding: 0!important;background-color: transparent!important;box-shadow: none!important;outline: none!important; min-inline-size: 100%;\">\n                    <legend class=\"ff_screen_reader_title\" style=\"display: block; margin: 0!important;padding: 0!important;height: 0!important;text-indent: -999999px;width: 0!important;overflow:hidden;\">Form DE<\/legend><input type='hidden' name='__fluent_form_embded_post_id' value='65948' \/><input type=\"hidden\" id=\"_fluentform_3_fluentformnonce\" name=\"_fluentform_3_fluentformnonce\" value=\"a16db83691\" \/><input type=\"hidden\" name=\"_wp_http_referer\" value=\"\/de\/wp-json\/wp\/v2\/pages\/65948\" \/><div class='ff-el-group'><div class=\"ff-el-input--label ff-el-is-required asterisk-right\"><label for='ff_3_input_text' id='label_ff_3_input_text' aria-label=\"Ihre Name (bedingt)\">Ihre Name (bedingt)<\/label><\/div><div class='ff-el-input--content'><input type=\"text\" name=\"input_text\" class=\"ff-el-form-control\" data-name=\"input_text\" id=\"ff_3_input_text\"  aria-invalid=\"false\" aria-required=true><\/div><\/div><div class='ff-el-group'><div class=\"ff-el-input--label ff-el-is-required asterisk-right\"><label for='ff_3_email' id='label_ff_3_email' aria-label=\"Ihre Email (bedingt)\">Ihre Email (bedingt)<\/label><\/div><div class='ff-el-input--content'><input type=\"email\" name=\"email\" id=\"ff_3_email\" class=\"ff-el-form-control\" placeholder=\"Email Address\" data-name=\"email\"  aria-invalid=\"false\" aria-required=true><\/div><\/div><div class='ff-el-group'><div class=\"ff-el-input--label ff-el-is-required asterisk-right\"><label for='ff_3_description' id='label_ff_3_description' aria-label=\"Botschaft\">Botschaft<\/label><\/div><div class='ff-el-input--content'><textarea aria-required=\"true\" aria-labelledby=\"label_ff_3_description\" name=\"description\" id=\"ff_3_description\" class=\"ff-el-form-control\" rows=\"3\" cols=\"2\" data-name=\"description\" ><\/textarea><\/div><\/div><div class='ff-el-group    ff-el-input--content'><div class='ff-el-form-check ff-el-tc'><label aria-label='Dieses Formular sammelt Ihren Namen und Ihre E-Mail-Adresse, damit wir mit Ihnen korrespondieren k\u00f6nnen. Weitere Informationen finden Sie in unserer Datenschutzerkl\u00e4rung.' class='ff-el-form-check-label ff_tc_label' for=terms-n-condition_c00bb30f3975845bd422bb23f4e911cb><span class='ff_tc_checkbox'><input type=\"checkbox\" name=\"terms-n-condition\" class=\"ff-el-form-check-input\" data-name=\"terms-n-condition\" id=\"terms-n-condition_c00bb30f3975845bd422bb23f4e911cb\"  value='on' aria-invalid='false' aria-required=true><\/span> <div class='ff_t_c'><p>Dieses Formular sammelt Ihren Namen und Ihre E-Mail-Adresse, damit wir mit Ihnen korrespondieren k\u00f6nnen. Weitere Informationen finden Sie in unserer Datenschutzerkl\u00e4rung.<\/p><\/div><\/label><\/div><\/div><div class='ff-el-group ff-text-left ff_submit_btn_wrapper'><button type=\"submit\" class=\"ff-btn ff-btn-submit ff-btn-md ff_btn_style\"  aria-label=\"Senden\">Senden<\/button><\/div><\/fieldset><\/form><div id='fluentform_3_errors' class='ff-errors-in-stack ff_form_instance_3_1 ff-form-loading_errors ff_form_instance_3_1_errors'><\/div><\/div>            <script type=\"text\/javascript\">\n                window.fluent_form_ff_form_instance_3_1 = {\"id\":\"3\",\"settings\":{\"layout\":{\"labelPlacement\":\"top\",\"helpMessagePlacement\":\"with_label\",\"errorMessagePlacement\":\"inline\",\"asteriskPlacement\":\"asterisk-right\"},\"restrictions\":{\"denyEmptySubmission\":{\"enabled\":false}}},\"form_instance\":\"ff_form_instance_3_1\",\"form_id_selector\":\"fluentform_3\",\"rules\":{\"input_text\":{\"required\":{\"value\":true,\"message\":\"This field is required\"}},\"email\":{\"required\":{\"value\":true,\"message\":\"This field is required\"},\"email\":{\"value\":true,\"message\":\"This field must contain a valid email\"}},\"description\":{\"required\":{\"value\":true,\"message\":\"This field is required\"}},\"terms-n-condition\":{\"required\":{\"value\":true,\"message\":\"This field is required\"}}},\"debounce_time\":300};\n                            <\/script>\n            <\/font><br><\/p>\t\t\t\t\t\t\t\t<\/div>\n\t\t\t\t<\/div>\n\t\t\t\t\t<\/div>\n\t\t<\/div>\n\t\t\t\t\t<\/div>\n\t\t<\/section>\n\t\t\t\t<\/div>\n\t\t","protected":false},"excerpt":{"rendered":"<p>Croatia Property Immobilienagentur Biha\u0107ka 2A\/II 21000 Split, Kroatien Telefon: +385 21 317 447 &nbsp; &nbsp; F\u00fcr irgendwelche Fragen stehen wir Ihnen gerne zur Verf\u00fcgung<\/p>\n","protected":false},"author":6,"featured_media":0,"parent":0,"menu_order":0,"comment_status":"closed","ping_status":"closed","template":"","meta":{"footnotes":""},"class_list":["post-65948","page","type-page","status-publish","hentry"],"yoast_head":"<!-- This site is optimized with the Yoast SEO plugin v27.4 - https:\/\/yoast.com\/product\/yoast-seo-wordpress\/ -->\n<title>Kontaktieren Sie uns - Croatia Property Net<\/title>\n<meta name=\"description\" content=\"Sie k\u00f6nnen uns jederzeit \u00fcber unsere \u00fcblichen Kundenbeziehungen kontaktieren: E-Mail, Telefon oder Besuch, wenn Sie dies bevorzugen\" \/>\n<meta name=\"robots\" content=\"index, follow, max-snippet:-1, max-image-preview:large, max-video-preview:-1\" \/>\n<link rel=\"canonical\" href=\"https:\/\/www.croatia-property.net\/de\/kontakt\/\" \/>\n<meta property=\"og:locale\" content=\"de_DE\" \/>\n<meta property=\"og:type\" content=\"article\" \/>\n<meta property=\"og:title\" content=\"Kontaktieren Sie uns - Croatia Property Net\" \/>\n<meta property=\"og:description\" content=\"Sie k\u00f6nnen uns jederzeit \u00fcber unsere \u00fcblichen Kundenbeziehungen kontaktieren: E-Mail, Telefon oder Besuch, wenn Sie dies bevorzugen\" \/>\n<meta property=\"og:url\" content=\"https:\/\/www.croatia-property.net\/de\/kontakt\/\" \/>\n<meta property=\"og:site_name\" content=\"Immobilien in Kroatien\" \/>\n<meta property=\"article:publisher\" content=\"https:\/\/www.facebook.com\/croatia.property.net\" \/>\n<meta property=\"article:modified_time\" content=\"2021-06-25T06:46:45+00:00\" \/>\n<meta property=\"og:image\" content=\"https:\/\/www.croatia-property.net\/wp-content\/uploads\/2017\/11\/cp-logo-tr.png\" \/>\n<script type=\"application\/ld+json\" class=\"yoast-schema-graph\">{\"@context\":\"https:\\\/\\\/schema.org\",\"@graph\":[{\"@type\":\"WebPage\",\"@id\":\"https:\\\/\\\/www.croatia-property.net\\\/de\\\/kontakt\\\/\",\"url\":\"https:\\\/\\\/www.croatia-property.net\\\/de\\\/kontakt\\\/\",\"name\":\"Kontaktieren Sie uns - Croatia Property Net\",\"isPartOf\":{\"@id\":\"https:\\\/\\\/www.croatia-property.net\\\/de\\\/#website\"},\"primaryImageOfPage\":{\"@id\":\"https:\\\/\\\/www.croatia-property.net\\\/de\\\/kontakt\\\/#primaryimage\"},\"image\":{\"@id\":\"https:\\\/\\\/www.croatia-property.net\\\/de\\\/kontakt\\\/#primaryimage\"},\"thumbnailUrl\":\"https:\\\/\\\/www.croatia-property.net\\\/wp-content\\\/uploads\\\/2017\\\/11\\\/cp-logo-tr.png\",\"datePublished\":\"2017-11-21T09:02:18+00:00\",\"dateModified\":\"2021-06-25T06:46:45+00:00\",\"description\":\"Sie k\u00f6nnen uns jederzeit \u00fcber unsere \u00fcblichen Kundenbeziehungen kontaktieren: E-Mail, Telefon oder Besuch, wenn Sie dies bevorzugen\",\"breadcrumb\":{\"@id\":\"https:\\\/\\\/www.croatia-property.net\\\/de\\\/kontakt\\\/#breadcrumb\"},\"inLanguage\":\"de\",\"potentialAction\":[{\"@type\":\"ReadAction\",\"target\":[\"https:\\\/\\\/www.croatia-property.net\\\/de\\\/kontakt\\\/\"]}]},{\"@type\":\"ImageObject\",\"inLanguage\":\"de\",\"@id\":\"https:\\\/\\\/www.croatia-property.net\\\/de\\\/kontakt\\\/#primaryimage\",\"url\":\"https:\\\/\\\/www.croatia-property.net\\\/wp-content\\\/uploads\\\/2017\\\/11\\\/cp-logo-tr.png\",\"contentUrl\":\"https:\\\/\\\/www.croatia-property.net\\\/wp-content\\\/uploads\\\/2017\\\/11\\\/cp-logo-tr.png\"},{\"@type\":\"BreadcrumbList\",\"@id\":\"https:\\\/\\\/www.croatia-property.net\\\/de\\\/kontakt\\\/#breadcrumb\",\"itemListElement\":[{\"@type\":\"ListItem\",\"position\":1,\"name\":\"Home\",\"item\":\"https:\\\/\\\/www.croatia-property.net\\\/de\\\/\"},{\"@type\":\"ListItem\",\"position\":2,\"name\":\"Kontakt\"}]},{\"@type\":\"WebSite\",\"@id\":\"https:\\\/\\\/www.croatia-property.net\\\/de\\\/#website\",\"url\":\"https:\\\/\\\/www.croatia-property.net\\\/de\\\/\",\"name\":\"Immobilien in Kroatien\",\"description\":\"\",\"publisher\":{\"@id\":\"https:\\\/\\\/www.croatia-property.net\\\/de\\\/#organization\"},\"potentialAction\":[{\"@type\":\"SearchAction\",\"target\":{\"@type\":\"EntryPoint\",\"urlTemplate\":\"https:\\\/\\\/www.croatia-property.net\\\/de\\\/?s={search_term_string}\"},\"query-input\":{\"@type\":\"PropertyValueSpecification\",\"valueRequired\":true,\"valueName\":\"search_term_string\"}}],\"inLanguage\":\"de\"},{\"@type\":\"Organization\",\"@id\":\"https:\\\/\\\/www.croatia-property.net\\\/de\\\/#organization\",\"name\":\"Croatia Property\",\"url\":\"https:\\\/\\\/www.croatia-property.net\\\/de\\\/\",\"logo\":{\"@type\":\"ImageObject\",\"inLanguage\":\"de\",\"@id\":\"https:\\\/\\\/www.croatia-property.net\\\/de\\\/#\\\/schema\\\/logo\\\/image\\\/\",\"url\":\"https:\\\/\\\/www.croatia-property.net\\\/wp-content\\\/uploads\\\/2017\\\/10\\\/cp-logo-bijelo.png\",\"contentUrl\":\"https:\\\/\\\/www.croatia-property.net\\\/wp-content\\\/uploads\\\/2017\\\/10\\\/cp-logo-bijelo.png\",\"width\":1916,\"height\":953,\"caption\":\"Croatia Property\"},\"image\":{\"@id\":\"https:\\\/\\\/www.croatia-property.net\\\/de\\\/#\\\/schema\\\/logo\\\/image\\\/\"},\"sameAs\":[\"https:\\\/\\\/www.facebook.com\\\/croatia.property.net\",\"https:\\\/\\\/www.instagram.com\\\/croatiaproperty\"]}]}<\/script>\n<!-- \/ Yoast SEO plugin. -->","yoast_head_json":{"title":"Kontaktieren Sie uns - Croatia Property Net","description":"Sie k\u00f6nnen uns jederzeit \u00fcber unsere \u00fcblichen Kundenbeziehungen kontaktieren: E-Mail, Telefon oder Besuch, wenn Sie dies bevorzugen","robots":{"index":"index","follow":"follow","max-snippet":"max-snippet:-1","max-image-preview":"max-image-preview:large","max-video-preview":"max-video-preview:-1"},"canonical":"https:\/\/www.croatia-property.net\/de\/kontakt\/","og_locale":"de_DE","og_type":"article","og_title":"Kontaktieren Sie uns - Croatia Property Net","og_description":"Sie k\u00f6nnen uns jederzeit \u00fcber unsere \u00fcblichen Kundenbeziehungen kontaktieren: E-Mail, Telefon oder Besuch, wenn Sie dies bevorzugen","og_url":"https:\/\/www.croatia-property.net\/de\/kontakt\/","og_site_name":"Immobilien in Kroatien","article_publisher":"https:\/\/www.facebook.com\/croatia.property.net","article_modified_time":"2021-06-25T06:46:45+00:00","og_image":[{"url":"https:\/\/www.croatia-property.net\/wp-content\/uploads\/2017\/11\/cp-logo-tr.png","type":"","width":"","height":""}],"schema":{"@context":"https:\/\/schema.org","@graph":[{"@type":"WebPage","@id":"https:\/\/www.croatia-property.net\/de\/kontakt\/","url":"https:\/\/www.croatia-property.net\/de\/kontakt\/","name":"Kontaktieren Sie uns - Croatia Property Net","isPartOf":{"@id":"https:\/\/www.croatia-property.net\/de\/#website"},"primaryImageOfPage":{"@id":"https:\/\/www.croatia-property.net\/de\/kontakt\/#primaryimage"},"image":{"@id":"https:\/\/www.croatia-property.net\/de\/kontakt\/#primaryimage"},"thumbnailUrl":"https:\/\/www.croatia-property.net\/wp-content\/uploads\/2017\/11\/cp-logo-tr.png","datePublished":"2017-11-21T09:02:18+00:00","dateModified":"2021-06-25T06:46:45+00:00","description":"Sie k\u00f6nnen uns jederzeit \u00fcber unsere \u00fcblichen Kundenbeziehungen kontaktieren: E-Mail, Telefon oder Besuch, wenn Sie dies bevorzugen","breadcrumb":{"@id":"https:\/\/www.croatia-property.net\/de\/kontakt\/#breadcrumb"},"inLanguage":"de","potentialAction":[{"@type":"ReadAction","target":["https:\/\/www.croatia-property.net\/de\/kontakt\/"]}]},{"@type":"ImageObject","inLanguage":"de","@id":"https:\/\/www.croatia-property.net\/de\/kontakt\/#primaryimage","url":"https:\/\/www.croatia-property.net\/wp-content\/uploads\/2017\/11\/cp-logo-tr.png","contentUrl":"https:\/\/www.croatia-property.net\/wp-content\/uploads\/2017\/11\/cp-logo-tr.png"},{"@type":"BreadcrumbList","@id":"https:\/\/www.croatia-property.net\/de\/kontakt\/#breadcrumb","itemListElement":[{"@type":"ListItem","position":1,"name":"Home","item":"https:\/\/www.croatia-property.net\/de\/"},{"@type":"ListItem","position":2,"name":"Kontakt"}]},{"@type":"WebSite","@id":"https:\/\/www.croatia-property.net\/de\/#website","url":"https:\/\/www.croatia-property.net\/de\/","name":"Immobilien in Kroatien","description":"","publisher":{"@id":"https:\/\/www.croatia-property.net\/de\/#organization"},"potentialAction":[{"@type":"SearchAction","target":{"@type":"EntryPoint","urlTemplate":"https:\/\/www.croatia-property.net\/de\/?s={search_term_string}"},"query-input":{"@type":"PropertyValueSpecification","valueRequired":true,"valueName":"search_term_string"}}],"inLanguage":"de"},{"@type":"Organization","@id":"https:\/\/www.croatia-property.net\/de\/#organization","name":"Croatia Property","url":"https:\/\/www.croatia-property.net\/de\/","logo":{"@type":"ImageObject","inLanguage":"de","@id":"https:\/\/www.croatia-property.net\/de\/#\/schema\/logo\/image\/","url":"https:\/\/www.croatia-property.net\/wp-content\/uploads\/2017\/10\/cp-logo-bijelo.png","contentUrl":"https:\/\/www.croatia-property.net\/wp-content\/uploads\/2017\/10\/cp-logo-bijelo.png","width":1916,"height":953,"caption":"Croatia Property"},"image":{"@id":"https:\/\/www.croatia-property.net\/de\/#\/schema\/logo\/image\/"},"sameAs":["https:\/\/www.facebook.com\/croatia.property.net","https:\/\/www.instagram.com\/croatiaproperty"]}]}},"_links":{"self":[{"href":"https:\/\/www.croatia-property.net\/de\/wp-json\/wp\/v2\/pages\/65948","targetHints":{"allow":["GET"]}}],"collection":[{"href":"https:\/\/www.croatia-property.net\/de\/wp-json\/wp\/v2\/pages"}],"about":[{"href":"https:\/\/www.croatia-property.net\/de\/wp-json\/wp\/v2\/types\/page"}],"author":[{"embeddable":true,"href":"https:\/\/www.croatia-property.net\/de\/wp-json\/wp\/v2\/users\/6"}],"replies":[{"embeddable":true,"href":"https:\/\/www.croatia-property.net\/de\/wp-json\/wp\/v2\/comments?post=65948"}],"version-history":[{"count":4,"href":"https:\/\/www.croatia-property.net\/de\/wp-json\/wp\/v2\/pages\/65948\/revisions"}],"predecessor-version":[{"id":109565,"href":"https:\/\/www.croatia-property.net\/de\/wp-json\/wp\/v2\/pages\/65948\/revisions\/109565"}],"wp:attachment":[{"href":"https:\/\/www.croatia-property.net\/de\/wp-json\/wp\/v2\/media?parent=65948"}],"curies":[{"name":"wp","href":"https:\/\/api.w.org\/{rel}","templated":true}]}}